{"id":3405,"date":"2023-07-17T16:53:16","date_gmt":"2023-07-17T16:53:16","guid":{"rendered":"https:\/\/www.externacorporativo.com\/?page_id=3405"},"modified":"2023-07-17T16:57:06","modified_gmt":"2023-07-17T16:57:06","slug":"politica-de-proteccion-de-datos","status":"publish","type":"page","link":"https:\/\/www.externacorporativo.com\/es\/politica-de-proteccion-de-datos\/","title":{"rendered":"Pol\u00edtica de Protecci\u00f3n de Datos"},"content":{"rendered":"\t\t<div data-elementor-type=\"wp-page\" data-elementor-id=\"3405\" class=\"elementor elementor-3405\">\n\t\t\t\t\t\t\t\t\t<section class=\"elementor-section elementor-top-section elementor-element elementor-element-bd4379e elementor-section-boxed elementor-section-height-default elementor-section-height-default\" data-id=\"bd4379e\" data-element_type=\"section\">\n\t\t\t\t\t\t<div class=\"elementor-container elementor-column-gap-default\">\n\t\t\t\t\t<div class=\"elementor-column elementor-col-100 elementor-top-column elementor-element elementor-element-2345509\" data-id=\"2345509\" data-element_type=\"column\">\n\t\t\t<div class=\"elementor-widget-wrap elementor-element-populated\">\n\t\t\t\t\t\t\t\t<div class=\"elementor-element elementor-element-9914757 elementor-widget elementor-widget-text-editor\" data-id=\"9914757\" data-element_type=\"widget\" data-widget_type=\"text-editor.default\">\n\t\t\t\t<div class=\"elementor-widget-container\">\n\t\t\t<style>\/*! elementor - v3.12.2 - 23-04-2023 *\/\n.elementor-widget-text-editor.elementor-drop-cap-view-stacked .elementor-drop-cap{background-color:#69727d;color:#fff}.elementor-widget-text-editor.elementor-drop-cap-view-framed .elementor-drop-cap{color:#69727d;border:3px solid;background-color:transparent}.elementor-widget-text-editor:not(.elementor-drop-cap-view-default) .elementor-drop-cap{margin-top:8px}.elementor-widget-text-editor:not(.elementor-drop-cap-view-default) .elementor-drop-cap-letter{width:1em;height:1em}.elementor-widget-text-editor .elementor-drop-cap{float:left;text-align:center;line-height:1;font-size:50px}.elementor-widget-text-editor .elementor-drop-cap-letter{display:inline-block}<\/style>\t\t\t\t<p>Identidad: EXTERNA CORPORATIVO, SL<br \/>CIF: B-70321393<br \/>Dir. postal: C\/ Payo G\u00f3mez 16, 4\u00baA. 15004 A Coru\u00f1a<br \/>Tel\u00e9fono: 981267342<br \/>Email:\u00a0<a href=\"mailto:info@externacorporativo.com\"><u>info@externacorporativo.com<\/u><\/a><\/p>\t\t\t\t\t\t<\/div>\n\t\t\t\t<\/div>\n\t\t\t\t<div class=\"elementor-element elementor-element-0269565 elementor-widget elementor-widget-heading\" data-id=\"0269565\" data-element_type=\"widget\" data-widget_type=\"heading.default\">\n\t\t\t\t<div class=\"elementor-widget-container\">\n\t\t\t<style>\/*! elementor - v3.12.2 - 23-04-2023 *\/\n.elementor-heading-title{padding:0;margin:0;line-height:1}.elementor-widget-heading .elementor-heading-title[class*=elementor-size-]>a{color:inherit;font-size:inherit;line-height:inherit}.elementor-widget-heading .elementor-heading-title.elementor-size-small{font-size:15px}.elementor-widget-heading .elementor-heading-title.elementor-size-medium{font-size:19px}.elementor-widget-heading .elementor-heading-title.elementor-size-large{font-size:29px}.elementor-widget-heading .elementor-heading-title.elementor-size-xl{font-size:39px}.elementor-widget-heading .elementor-heading-title.elementor-size-xxl{font-size:59px}<\/style><h2 class=\"elementor-heading-title elementor-size-default\">\u00bfCon qu\u00e9 finalidad tratamos sus datos personales?<\/h2>\t\t<\/div>\n\t\t\t\t<\/div>\n\t\t\t\t<div class=\"elementor-element elementor-element-fad26a6 elementor-widget elementor-widget-text-editor\" data-id=\"fad26a6\" data-element_type=\"widget\" data-widget_type=\"text-editor.default\">\n\t\t\t\t<div class=\"elementor-widget-container\">\n\t\t\t\t\t\t\t<p align=\"JUSTIFY\">En EXTERNA CORPORATIVO SL tratamos la informaci\u00f3n que nos facilitan las personas interesadas con el fin de poder gestionar adecuadamente su demanda de informaci\u00f3n.<\/p><p align=\"JUSTIFY\">En virtud de lo establecido en la Ley 34\/2002 de 11 de julio, de Servicios de la Sociedad de la Informaci\u00f3n y de Comercio Electr\u00f3nico, EXTERNA CORPORATIVO SL le informa que podr\u00e1 utilizar los n\u00fameros de tel\u00e9fono y las direcciones de correo electr\u00f3nico facilitadas, para mantenerle informado respecto a su consulta como de cualquier otra gesti\u00f3n relacionada con el \u00e1mbito internacional que pueda ser de su inter\u00e9s. Usted da su consentimiento expreso para que EXTERNA CORPORATIVO SL, los pueda utilizar con este fin concreto.<\/p><p align=\"JUSTIFY\"><span lang=\"es-ES\">El env\u00edo de solicitudes de informaci\u00f3n es voluntario, y s\u00f3lo se podr\u00e1n registrar personas mayores de edad, por lo que consideramos que la persona que facilita sus datos acepta expresamente su tratamiento con la finalidad indicada. Si usted registra los datos personales de otra persona, entendemos que lo hace porque la persona titular de los mismos se lo ha solicitado y que ese titular consiente y acepta todas las condiciones que se reflejan en el presente documento, por lo que declara que dichos datos son veraces y que ha informado y ha solicitado el consentimiento de este tercero, cuyos datos nos facilita, y de que sus datos personales ser\u00e1n tratados por<\/span><span lang=\"es-ES\">\u00a0EXTERNA CORPORATIVO SL<\/span><span lang=\"es-ES\">\u00a0por lo que una vez informado este tercero, ha prestado su consentimiento a la presente pol\u00edtica de privacidad y protecci\u00f3n de Datos de<\/span><span lang=\"es-ES\">\u00a0EXTERNA CORPORATIVO SL<\/span><span lang=\"es-ES\">, siendo responsable directo el remitente, de este consentimiento<\/span><span lang=\"es-ES\">.<\/span><\/p>\t\t\t\t\t\t<\/div>\n\t\t\t\t<\/div>\n\t\t\t\t<div class=\"elementor-element elementor-element-41f3927 elementor-widget elementor-widget-heading\" data-id=\"41f3927\" data-element_type=\"widget\" data-widget_type=\"heading.default\">\n\t\t\t\t<div class=\"elementor-widget-container\">\n\t\t\t<h2 class=\"elementor-heading-title elementor-size-default\">\u00bfPor cu\u00e1nto tiempo conservaremos sus datos?<\/h2>\t\t<\/div>\n\t\t\t\t<\/div>\n\t\t\t\t<div class=\"elementor-element elementor-element-3592db2 elementor-widget elementor-widget-text-editor\" data-id=\"3592db2\" data-element_type=\"widget\" data-widget_type=\"text-editor.default\">\n\t\t\t\t<div class=\"elementor-widget-container\">\n\t\t\t\t\t\t\t<p align=\"JUSTIFY\">Los datos personales proporcionados se conservar\u00e1n mientras no se solicite su supresi\u00f3n por el interesado durante un plazo de dos a\u00f1os\u00a0<b><\/b>a partir de la \u00faltima confirmaci\u00f3n de inter\u00e9s.<\/p><p align=\"JUSTIFY\">Transcurrido este plazo se podr\u00e1 proceder a eliminar la informaci\u00f3n facilitada por considerarse que ya no est\u00e1 vigente.<\/p>\t\t\t\t\t\t<\/div>\n\t\t\t\t<\/div>\n\t\t\t\t<div class=\"elementor-element elementor-element-199449b elementor-widget elementor-widget-heading\" data-id=\"199449b\" data-element_type=\"widget\" data-widget_type=\"heading.default\">\n\t\t\t\t<div class=\"elementor-widget-container\">\n\t\t\t<h2 class=\"elementor-heading-title elementor-size-default\">\u00bfCu\u00e1l es la legitimaci\u00f3n para el tratamiento de sus datos?<\/h2>\t\t<\/div>\n\t\t\t\t<\/div>\n\t\t\t\t<div class=\"elementor-element elementor-element-78f49aa elementor-widget elementor-widget-text-editor\" data-id=\"78f49aa\" data-element_type=\"widget\" data-widget_type=\"text-editor.default\">\n\t\t\t\t<div class=\"elementor-widget-container\">\n\t\t\t\t\t\t\t<p>La base legal para el tratamiento de sus datos est\u00e1 basada en el consentimiento que se le solicita, para ello hemos solicitado su confirmaci\u00f3n expresa autorizando el tratamiento de sus dato.<\/p>\t\t\t\t\t\t<\/div>\n\t\t\t\t<\/div>\n\t\t\t\t<div class=\"elementor-element elementor-element-6360608 elementor-widget elementor-widget-heading\" data-id=\"6360608\" data-element_type=\"widget\" data-widget_type=\"heading.default\">\n\t\t\t\t<div class=\"elementor-widget-container\">\n\t\t\t<h2 class=\"elementor-heading-title elementor-size-default\">\u00bfA qu\u00e9 destinatarios se comunicar\u00e1n sus datos?<\/h2>\t\t<\/div>\n\t\t\t\t<\/div>\n\t\t\t\t<div class=\"elementor-element elementor-element-c17ddf5 elementor-widget elementor-widget-text-editor\" data-id=\"c17ddf5\" data-element_type=\"widget\" data-widget_type=\"text-editor.default\">\n\t\t\t\t<div class=\"elementor-widget-container\">\n\t\t\t\t\t\t\t<p align=\"JUSTIFY\">A trav\u00e9s de la presente p\u00e1gina web sus datos no ser\u00e1n cedidos a otras empresas.<\/p>\t\t\t\t\t\t<\/div>\n\t\t\t\t<\/div>\n\t\t\t\t<div class=\"elementor-element elementor-element-991cc07 elementor-widget elementor-widget-heading\" data-id=\"991cc07\" data-element_type=\"widget\" data-widget_type=\"heading.default\">\n\t\t\t\t<div class=\"elementor-widget-container\">\n\t\t\t<h2 class=\"elementor-heading-title elementor-size-default\">\u00bfCu\u00e1les son sus derechos cuando nos facilita sus datos?<\/h2>\t\t<\/div>\n\t\t\t\t<\/div>\n\t\t\t\t<div class=\"elementor-element elementor-element-78312cb elementor-widget elementor-widget-text-editor\" data-id=\"78312cb\" data-element_type=\"widget\" data-widget_type=\"text-editor.default\">\n\t\t\t\t<div class=\"elementor-widget-container\">\n\t\t\t\t\t\t\t<ul><li><p align=\"JUSTIFY\">Derecho a obtener confirmaci\u00f3n sobre si estamos tratando datos personales que les conciernan, o no<\/p><\/li><li><p align=\"JUSTIFY\">Derecho a acceder a sus datos personales, as\u00ed como a solicitar la rectificaci\u00f3n de los datos inexactos o, en su caso, solicitar su supresi\u00f3n cuando, entre otros motivos, los datos ya no sean necesarios para los fines que fueron recogidos.<\/p><\/li><li><p align=\"JUSTIFY\">En determinadas circunstancias, podr\u00e1 solicitar la limitaci\u00f3n del tratamiento de sus datos, en cuyo caso \u00fanicamente los conservaremos para el ejercicio o la defensa de reclamaciones.<\/p><\/li><li><p align=\"JUSTIFY\">En determinadas circunstancias y por motivos relacionados con su situaci\u00f3n particular, podr\u00e1 oponerse al tratamiento de sus datos. EXTERNA CORPORATIVO SL, dejar\u00e1 de tratar los datos, salvo por motivos leg\u00edtimos imperiosos, o el ejercicio o la defensa de posibles reclamaciones.<\/p><\/li><li><p align=\"JUSTIFY\">Derecho a presentar una reclamaci\u00f3n ante la Autoridad de control competente en materia de protecci\u00f3n de datos, la Agencia Espa\u00f1ola de Protecci\u00f3n de Datos, sita en la C\/ Jorge Juan, 6 de Madrid CP 28001, cuando no se haya obtenido satisfacci\u00f3n en el ejercicio de sus derechos<\/p><\/li><\/ul>\t\t\t\t\t\t<\/div>\n\t\t\t\t<\/div>\n\t\t\t\t<div class=\"elementor-element elementor-element-b72497d elementor-widget elementor-widget-heading\" data-id=\"b72497d\" data-element_type=\"widget\" data-widget_type=\"heading.default\">\n\t\t\t\t<div class=\"elementor-widget-container\">\n\t\t\t<h2 class=\"elementor-heading-title elementor-size-default\">\u00bfC\u00f3mo se protegen sus datos?<\/h2>\t\t<\/div>\n\t\t\t\t<\/div>\n\t\t\t\t<div class=\"elementor-element elementor-element-b8e767d elementor-widget elementor-widget-text-editor\" data-id=\"b8e767d\" data-element_type=\"widget\" data-widget_type=\"text-editor.default\">\n\t\t\t\t<div class=\"elementor-widget-container\">\n\t\t\t\t\t\t\t<p align=\"JUSTIFY\"><span lang=\"es-ES\">EXTERNA CORPORATIVO SL<\/span><span lang=\"es-ES\">\u00a0ha adoptado las medidas t\u00e9cnicas y organizativas necesarias para garantizar la seguridad e integridad de los datos personales tratados, as\u00ed como para evitar su alteraci\u00f3n, p\u00e9rdida, tratamiento o acceso no autorizado. En este sentido,\u00a0<\/span><span lang=\"es-ES\">EXTERNA CORPORATIVO SL<\/span><span lang=\"es-ES\">\u00a0ha adoptado las medidas de seguridad exigidas por la normativa vigente de Protecci\u00f3n de Datos de car\u00e1cter personal. Asimismo,\u00a0<\/span><span lang=\"es-ES\">EXTERNA CORPORATIVO SL<\/span><span lang=\"es-ES\">\u00a0se compromete a cumplir el deber de secreto y de confidencialidad al que est\u00e1 obligado como Responsable del Fichero.<\/span><\/p>\t\t\t\t\t\t<\/div>\n\t\t\t\t<\/div>\n\t\t\t\t\t<\/div>\n\t\t<\/div>\n\t\t\t\t\t\t\t<\/div>\n\t\t<\/section>\n\t\t\t\t\t\t\t<\/div>\n\t\t","protected":false},"excerpt":{"rendered":"<p>Identidad: EXTERNA CORPORATIVO, SLCIF: B-70321393Dir. postal: C\/ Payo G\u00f3mez 16, 4\u00baA. 15004 A Coru\u00f1aTel\u00e9fono: 981267342Email:\u00a0info@externacorporativo.com \u00bfCon qu\u00e9 finalidad tratamos sus datos personales? En EXTERNA CORPORATIVO SL tratamos la informaci\u00f3n que nos facilitan las personas interesadas con el fin de poder gestionar adecuadamente su demanda de informaci\u00f3n. En virtud de lo establecido en la Ley 34\/2002 [&hellip;]<\/p>\n","protected":false},"author":2,"featured_media":0,"parent":0,"menu_order":0,"comment_status":"closed","ping_status":"closed","template":"","meta":[],"yoast_head":"<!-- This site is optimized with the Yoast SEO plugin v20.0 - https:\/\/yoast.com\/wordpress\/plugins\/seo\/ -->\n<title>Pol\u00edtica de Protecci\u00f3n de Datos - Externa<\/title>\n<meta name=\"robots\" content=\"index, follow, max-snippet:-1, max-image-preview:large, max-video-preview:-1\" \/>\n<link rel=\"canonical\" href=\"https:\/\/www.externacorporativo.com\/es\/politica-de-proteccion-de-datos\/\" \/>\n<meta property=\"og:locale\" content=\"es_ES\" \/>\n<meta property=\"og:type\" content=\"article\" \/>\n<meta property=\"og:title\" content=\"Pol\u00edtica de Protecci\u00f3n de Datos - Externa\" \/>\n<meta property=\"og:description\" content=\"Identidad: EXTERNA CORPORATIVO, SLCIF: B-70321393Dir. postal: C\/ Payo G\u00f3mez 16, 4\u00baA. 15004 A Coru\u00f1aTel\u00e9fono: 981267342Email:\u00a0info@externacorporativo.com \u00bfCon qu\u00e9 finalidad tratamos sus datos personales? En EXTERNA CORPORATIVO SL tratamos la informaci\u00f3n que nos facilitan las personas interesadas con el fin de poder gestionar adecuadamente su demanda de informaci\u00f3n. En virtud de lo establecido en la Ley 34\/2002 [&hellip;]\" \/>\n<meta property=\"og:url\" content=\"https:\/\/www.externacorporativo.com\/es\/politica-de-proteccion-de-datos\/\" \/>\n<meta property=\"og:site_name\" content=\"Externa\" \/>\n<meta property=\"article:modified_time\" content=\"2023-07-17T16:57:06+00:00\" \/>\n<meta name=\"twitter:card\" content=\"summary_large_image\" \/>\n<meta name=\"twitter:label1\" content=\"Tiempo de lectura\" \/>\n\t<meta name=\"twitter:data1\" content=\"4 minutos\" \/>\n<script type=\"application\/ld+json\" class=\"yoast-schema-graph\">{\"@context\":\"https:\/\/schema.org\",\"@graph\":[{\"@type\":\"WebPage\",\"@id\":\"https:\/\/www.externacorporativo.com\/es\/politica-de-proteccion-de-datos\/\",\"url\":\"https:\/\/www.externacorporativo.com\/es\/politica-de-proteccion-de-datos\/\",\"name\":\"Pol\u00edtica de Protecci\u00f3n de Datos - Externa\",\"isPartOf\":{\"@id\":\"https:\/\/www.externacorporativo.com\/es\/#website\"},\"datePublished\":\"2023-07-17T16:53:16+00:00\",\"dateModified\":\"2023-07-17T16:57:06+00:00\",\"breadcrumb\":{\"@id\":\"https:\/\/www.externacorporativo.com\/es\/politica-de-proteccion-de-datos\/#breadcrumb\"},\"inLanguage\":\"es\",\"potentialAction\":[{\"@type\":\"ReadAction\",\"target\":[\"https:\/\/www.externacorporativo.com\/es\/politica-de-proteccion-de-datos\/\"]}]},{\"@type\":\"BreadcrumbList\",\"@id\":\"https:\/\/www.externacorporativo.com\/es\/politica-de-proteccion-de-datos\/#breadcrumb\",\"itemListElement\":[{\"@type\":\"ListItem\",\"position\":1,\"name\":\"Portada\",\"item\":\"https:\/\/www.externacorporativo.com\/es\/\"},{\"@type\":\"ListItem\",\"position\":2,\"name\":\"Pol\u00edtica de Protecci\u00f3n de Datos\"}]},{\"@type\":\"WebSite\",\"@id\":\"https:\/\/www.externacorporativo.com\/es\/#website\",\"url\":\"https:\/\/www.externacorporativo.com\/es\/\",\"name\":\"Externa\",\"description\":\"\",\"publisher\":{\"@id\":\"https:\/\/www.externacorporativo.com\/es\/#organization\"},\"potentialAction\":[{\"@type\":\"SearchAction\",\"target\":{\"@type\":\"EntryPoint\",\"urlTemplate\":\"https:\/\/www.externacorporativo.com\/es\/?s={search_term_string}\"},\"query-input\":\"required name=search_term_string\"}],\"inLanguage\":\"es\"},{\"@type\":\"Organization\",\"@id\":\"https:\/\/www.externacorporativo.com\/es\/#organization\",\"name\":\"Externa\",\"url\":\"https:\/\/www.externacorporativo.com\/es\/\",\"logo\":{\"@type\":\"ImageObject\",\"inLanguage\":\"es\",\"@id\":\"https:\/\/www.externacorporativo.com\/es\/#\/schema\/logo\/image\/\",\"url\":\"https:\/\/www.externacorporativo.com\/wp-content\/uploads\/2023\/04\/Sin-nombre.png\",\"contentUrl\":\"https:\/\/www.externacorporativo.com\/wp-content\/uploads\/2023\/04\/Sin-nombre.png\",\"width\":297,\"height\":109,\"caption\":\"Externa\"},\"image\":{\"@id\":\"https:\/\/www.externacorporativo.com\/es\/#\/schema\/logo\/image\/\"}}]}<\/script>\n<!-- \/ Yoast SEO plugin. -->","yoast_head_json":{"title":"Pol\u00edtica de Protecci\u00f3n de Datos - Externa","robots":{"index":"index","follow":"follow","max-snippet":"max-snippet:-1","max-image-preview":"max-image-preview:large","max-video-preview":"max-video-preview:-1"},"canonical":"https:\/\/www.externacorporativo.com\/es\/politica-de-proteccion-de-datos\/","og_locale":"es_ES","og_type":"article","og_title":"Pol\u00edtica de Protecci\u00f3n de Datos - Externa","og_description":"Identidad: EXTERNA CORPORATIVO, SLCIF: B-70321393Dir. postal: C\/ Payo G\u00f3mez 16, 4\u00baA. 15004 A Coru\u00f1aTel\u00e9fono: 981267342Email:\u00a0info@externacorporativo.com \u00bfCon qu\u00e9 finalidad tratamos sus datos personales? En EXTERNA CORPORATIVO SL tratamos la informaci\u00f3n que nos facilitan las personas interesadas con el fin de poder gestionar adecuadamente su demanda de informaci\u00f3n. En virtud de lo establecido en la Ley 34\/2002 [&hellip;]","og_url":"https:\/\/www.externacorporativo.com\/es\/politica-de-proteccion-de-datos\/","og_site_name":"Externa","article_modified_time":"2023-07-17T16:57:06+00:00","twitter_card":"summary_large_image","twitter_misc":{"Tiempo de lectura":"4 minutos"},"schema":{"@context":"https:\/\/schema.org","@graph":[{"@type":"WebPage","@id":"https:\/\/www.externacorporativo.com\/es\/politica-de-proteccion-de-datos\/","url":"https:\/\/www.externacorporativo.com\/es\/politica-de-proteccion-de-datos\/","name":"Pol\u00edtica de Protecci\u00f3n de Datos - Externa","isPartOf":{"@id":"https:\/\/www.externacorporativo.com\/es\/#website"},"datePublished":"2023-07-17T16:53:16+00:00","dateModified":"2023-07-17T16:57:06+00:00","breadcrumb":{"@id":"https:\/\/www.externacorporativo.com\/es\/politica-de-proteccion-de-datos\/#breadcrumb"},"inLanguage":"es","potentialAction":[{"@type":"ReadAction","target":["https:\/\/www.externacorporativo.com\/es\/politica-de-proteccion-de-datos\/"]}]},{"@type":"BreadcrumbList","@id":"https:\/\/www.externacorporativo.com\/es\/politica-de-proteccion-de-datos\/#breadcrumb","itemListElement":[{"@type":"ListItem","position":1,"name":"Portada","item":"https:\/\/www.externacorporativo.com\/es\/"},{"@type":"ListItem","position":2,"name":"Pol\u00edtica de Protecci\u00f3n de Datos"}]},{"@type":"WebSite","@id":"https:\/\/www.externacorporativo.com\/es\/#website","url":"https:\/\/www.externacorporativo.com\/es\/","name":"Externa","description":"","publisher":{"@id":"https:\/\/www.externacorporativo.com\/es\/#organization"},"potentialAction":[{"@type":"SearchAction","target":{"@type":"EntryPoint","urlTemplate":"https:\/\/www.externacorporativo.com\/es\/?s={search_term_string}"},"query-input":"required name=search_term_string"}],"inLanguage":"es"},{"@type":"Organization","@id":"https:\/\/www.externacorporativo.com\/es\/#organization","name":"Externa","url":"https:\/\/www.externacorporativo.com\/es\/","logo":{"@type":"ImageObject","inLanguage":"es","@id":"https:\/\/www.externacorporativo.com\/es\/#\/schema\/logo\/image\/","url":"https:\/\/www.externacorporativo.com\/wp-content\/uploads\/2023\/04\/Sin-nombre.png","contentUrl":"https:\/\/www.externacorporativo.com\/wp-content\/uploads\/2023\/04\/Sin-nombre.png","width":297,"height":109,"caption":"Externa"},"image":{"@id":"https:\/\/www.externacorporativo.com\/es\/#\/schema\/logo\/image\/"}}]}},"_links":{"self":[{"href":"https:\/\/www.externacorporativo.com\/es\/wp-json\/wp\/v2\/pages\/3405"}],"collection":[{"href":"https:\/\/www.externacorporativo.com\/es\/wp-json\/wp\/v2\/pages"}],"about":[{"href":"https:\/\/www.externacorporativo.com\/es\/wp-json\/wp\/v2\/types\/page"}],"author":[{"embeddable":true,"href":"https:\/\/www.externacorporativo.com\/es\/wp-json\/wp\/v2\/users\/2"}],"replies":[{"embeddable":true,"href":"https:\/\/www.externacorporativo.com\/es\/wp-json\/wp\/v2\/comments?post=3405"}],"version-history":[{"count":4,"href":"https:\/\/www.externacorporativo.com\/es\/wp-json\/wp\/v2\/pages\/3405\/revisions"}],"predecessor-version":[{"id":3409,"href":"https:\/\/www.externacorporativo.com\/es\/wp-json\/wp\/v2\/pages\/3405\/revisions\/3409"}],"wp:attachment":[{"href":"https:\/\/www.externacorporativo.com\/es\/wp-json\/wp\/v2\/media?parent=3405"}],"curies":[{"name":"wp","href":"https:\/\/api.w.org\/{rel}","templated":true}]}}