{"id":3100,"date":"2023-06-07T14:20:46","date_gmt":"2023-06-07T14:20:46","guid":{"rendered":"https:\/\/www.externacorporativo.com\/declaration-daccessibilite\/"},"modified":"2023-06-08T10:14:19","modified_gmt":"2023-06-08T10:14:19","slug":"declaration-daccessibilite","status":"publish","type":"page","link":"https:\/\/www.externacorporativo.com\/fr\/declaration-daccessibilite\/","title":{"rendered":"D\u00e9claration d&rsquo;accessibilit\u00e9"},"content":{"rendered":"\t\t<div data-elementor-type=\"wp-page\" data-elementor-id=\"3100\" class=\"elementor elementor-3100 elementor-2974\">\n\t\t\t\t\t\t\t\t\t<section class=\"elementor-section elementor-top-section elementor-element elementor-element-a1aed4b elementor-section-boxed elementor-section-height-default elementor-section-height-default\" data-id=\"a1aed4b\" data-element_type=\"section\">\n\t\t\t\t\t\t<div class=\"elementor-container elementor-column-gap-default\">\n\t\t\t\t\t<div class=\"elementor-column elementor-col-100 elementor-top-column elementor-element elementor-element-606e1ef\" data-id=\"606e1ef\" data-element_type=\"column\">\n\t\t\t<div class=\"elementor-widget-wrap elementor-element-populated\">\n\t\t\t\t\t\t\t\t<div class=\"elementor-element elementor-element-7be03b7 elementor-widget elementor-widget-text-editor\" data-id=\"7be03b7\" data-element_type=\"widget\" data-widget_type=\"text-editor.default\">\n\t\t\t\t<div class=\"elementor-widget-container\">\n\t\t\t<style>\/*! elementor - v3.12.2 - 23-04-2023 *\/\n.elementor-widget-text-editor.elementor-drop-cap-view-stacked .elementor-drop-cap{background-color:#69727d;color:#fff}.elementor-widget-text-editor.elementor-drop-cap-view-framed .elementor-drop-cap{color:#69727d;border:3px solid;background-color:transparent}.elementor-widget-text-editor:not(.elementor-drop-cap-view-default) .elementor-drop-cap{margin-top:8px}.elementor-widget-text-editor:not(.elementor-drop-cap-view-default) .elementor-drop-cap-letter{width:1em;height:1em}.elementor-widget-text-editor .elementor-drop-cap{float:left;text-align:center;line-height:1;font-size:50px}.elementor-widget-text-editor .elementor-drop-cap-letter{display:inline-block}<\/style>\t\t\t\t<div>\n<div style=\"padding: 0px; margin: 0px; color: #636363; font-family: Inter, sans-serif;\">La soci\u00e9t\u00e9 <strong>EXTERNA CORPORATIVO S.L<\/strong> s&rsquo;engage \u00e0 rendre accessible votre site Web conform\u00e9ment au d\u00e9cret royal 1112\/2018, du 7 septembre, sur l&rsquo;accessibilit\u00e9 des sites Web et des applications pour les appareils mobiles du secteur public, ou des d\u00e9veloppements financ\u00e9s par l&rsquo;Europe.<\/div>\n<div style=\"padding : 0px; margin : 0px; color: #636363; font-family: Inter, sans-serif;\"> <\/div>\n<div style=\"padding: 0px; margin: 0px; color: #636363; font-family: Inter, sans- serif\u00a0;\">Cette d\u00e9claration d&rsquo;accessibilit\u00e9 s&rsquo;applique au site Web https:\/\/www.externacorporativo.es, \u00e0 l&rsquo;exclusion du contenu int\u00e9gr\u00e9 d&rsquo;autres domaines.<\/div>\n<\/div>\n\t\t\t\t\t\t<\/div>\n\t\t\t\t<\/div>\n\t\t\t\t<div class=\"elementor-element elementor-element-0d2bcba elementor-widget elementor-widget-heading\" data-id=\"0d2bcba\" data-element_type=\"widget\" data-widget_type=\"heading.default\">\n\t\t\t\t<div class=\"elementor-widget-container\">\n\t\t\t<style>\/*! elementor - v3.12.2 - 23-04-2023 *\/\n.elementor-heading-title{padding:0;margin:0;line-height:1}.elementor-widget-heading .elementor-heading-title[class*=elementor-size-]>a{color:inherit;font-size:inherit;line-height:inherit}.elementor-widget-heading .elementor-heading-title.elementor-size-small{font-size:15px}.elementor-widget-heading .elementor-heading-title.elementor-size-medium{font-size:19px}.elementor-widget-heading .elementor-heading-title.elementor-size-large{font-size:29px}.elementor-widget-heading .elementor-heading-title.elementor-size-xl{font-size:39px}.elementor-widget-heading .elementor-heading-title.elementor-size-xxl{font-size:59px}<\/style><h2 class=\"elementor-heading-title elementor-size-default\">\u00c9tat de conformit\u00e9<\/h2>\t\t<\/div>\n\t\t\t\t<\/div>\n\t\t\t\t<div class=\"elementor-element elementor-element-3804277 elementor-widget elementor-widget-text-editor\" data-id=\"3804277\" data-element_type=\"widget\" data-widget_type=\"text-editor.default\">\n\t\t\t\t<div class=\"elementor-widget-container\">\n\t\t\t\t\t\t\t<div>Ce site Web est partiellement conforme au RD 1112\/2018 en raison du non-respect des aspects indiqu\u00e9s ci-dessous.<\/div>\n<div> <\/div>\n<div>Contenu non accessible<\/div >\n<div>Le le contenu list\u00e9 ci-dessous n&rsquo;est pas accessible pour les raisons suivantes :<\/div>\n<div> \u2013 D\u00e9faut de conformit\u00e9 :<\/div>\n<div> \u2013 Il peut y avoir des \u00e9l\u00e9ments de la page qui ne sont pas exploitables au clavier \u2013 Exigence num\u00e9ro 9.2.1.1 Clavier UNE-EN 301549:2020<\/div>\n<div> \u2013 Il peut y avoir des erreurs d&rsquo;\u00e9dition occasionnelles sur n&rsquo;importe quelle page Web.<\/div>\n<div> \u2013 Charge disproportionn\u00e9e\u00a0: non applicable.< \/div><\/p>\n<div> \u2013 Le contenu n&rsquo;entre pas dans le champ d&rsquo;application de la loi applicable.<\/div>\n<div> <\/div>\n<div>Les fichiers Office peuvent exister au format PDF ou dans d&rsquo;autres formats publi\u00e9s avant le 20\u00a0septembre\u00a02018 qui ne r\u00e9pondent pas enti\u00e8rement \u00e0 toutes les exigences d&rsquo;accessibilit\u00e9.<\/ div><\/p>\n<div> <\/div>\n<div>Il peut y avoir du contenu tiers qui n&rsquo;est pas d\u00e9velopp\u00e9 dans cette unit\u00e9, ni sous son contr\u00f4le, comme des fichiers de bureau de diff\u00e9rentes organisations \u00e0 publier sur ce site.<\/div>\n\t\t\t\t\t\t<\/div>\n\t\t\t\t<\/div>\n\t\t\t\t<div class=\"elementor-element elementor-element-d009ee6 elementor-widget elementor-widget-heading\" data-id=\"d009ee6\" data-element_type=\"widget\" data-widget_type=\"heading.default\">\n\t\t\t\t<div class=\"elementor-widget-container\">\n\t\t\t<h2 class=\"elementor-heading-title elementor-size-default\">Observations et coordonn\u00e9es<\/h2>\t\t<\/div>\n\t\t\t\t<\/div>\n\t\t\t\t<div class=\"elementor-element elementor-element-0818832 elementor-widget elementor-widget-text-editor\" data-id=\"0818832\" data-element_type=\"widget\" data-widget_type=\"text-editor.default\">\n\t\t\t\t<div class=\"elementor-widget-container\">\n\t\t\t\t\t\t\t<div>Vous pouvez faire des communications sur les exigences d&rsquo;accessibilit\u00e9 [article 10.2.a) du RD 1112\/2018] telles que\u00a0:<\/div>\n<div> <\/div>\n<div> &#8211; Signaler toute violation \u00e9ventuelle par ce site Web.<\/ div> par t\u00e9l\u00e9phone.<\/div>\n<div> <\/div>\n<div>Vous pouvez soumettre\u00a0:<\/div>\n<div> <\/div>\n<div> \u2013 Une r\u00e9clamation concernant le respect des exigences du RD 1112\/2018 <\/ div><\/p>\n<div> \u2013 Une demande d&rsquo;informations accessibles concernant :<\/div>\n<div> \u2013 Les contenus exclus du champ d&rsquo;application du RD 1112\/2018 tel qu&rsquo;\u00e9tabli par l&rsquo;article 3, section 4.<\/div>\n<div> \u2013 Contenu qui est exempt\u00e9 du respect des exigences d&rsquo;accessibilit\u00e9 parce qu&rsquo;il impose une charge disproportionn\u00e9e.<\/div>\n<div> <\/div>\n<div>Dans la demande d&rsquo;informations accessibles, il doit \u00eatre pr\u00e9cis\u00e9, clairement, les faits , motifs et demande permettant de v\u00e9rifier qu&rsquo;il s&rsquo;agit d&rsquo;une demande raisonnable et l\u00e9gitime.<\/div>\n\t\t\t\t\t\t<\/div>\n\t\t\t\t<\/div>\n\t\t\t\t\t<\/div>\n\t\t<\/div>\n\t\t\t\t\t\t\t<\/div>\n\t\t<\/section>\n\t\t\t\t\t\t\t<\/div>\n\t\t","protected":false},"excerpt":{"rendered":"<p>La soci\u00e9t\u00e9 EXTERNA CORPORATIVO S.L s&rsquo;engage \u00e0 rendre accessible votre site Web conform\u00e9ment au d\u00e9cret royal 1112\/2018, du 7 septembre, sur l&rsquo;accessibilit\u00e9 des sites Web et des applications pour les appareils mobiles du secteur public, ou des d\u00e9veloppements financ\u00e9s par l&rsquo;Europe. Cette d\u00e9claration d&rsquo;accessibilit\u00e9 s&rsquo;applique au site Web https:\/\/www.externacorporativo.es, \u00e0 l&rsquo;exclusion du contenu int\u00e9gr\u00e9 d&rsquo;autres [&hellip;]<\/p>\n","protected":false},"author":2,"featured_media":0,"parent":0,"menu_order":0,"comment_status":"closed","ping_status":"closed","template":"","meta":[],"yoast_head":"<!-- This site is optimized with the Yoast SEO plugin v20.0 - https:\/\/yoast.com\/wordpress\/plugins\/seo\/ -->\n<title>D\u00e9claration d&#039;accessibilit\u00e9 - Externa<\/title>\n<meta name=\"robots\" content=\"index, follow, max-snippet:-1, max-image-preview:large, max-video-preview:-1\" \/>\n<link rel=\"canonical\" href=\"https:\/\/www.externacorporativo.com\/fr\/declaration-daccessibilite\/\" \/>\n<meta property=\"og:locale\" content=\"fr_FR\" \/>\n<meta property=\"og:type\" content=\"article\" \/>\n<meta property=\"og:title\" content=\"D\u00e9claration d&#039;accessibilit\u00e9 - Externa\" \/>\n<meta property=\"og:description\" content=\"La soci\u00e9t\u00e9 EXTERNA CORPORATIVO S.L s&rsquo;engage \u00e0 rendre accessible votre site Web conform\u00e9ment au d\u00e9cret royal 1112\/2018, du 7 septembre, sur l&rsquo;accessibilit\u00e9 des sites Web et des applications pour les appareils mobiles du secteur public, ou des d\u00e9veloppements financ\u00e9s par l&rsquo;Europe. Cette d\u00e9claration d&rsquo;accessibilit\u00e9 s&rsquo;applique au site Web https:\/\/www.externacorporativo.es, \u00e0 l&rsquo;exclusion du contenu int\u00e9gr\u00e9 d&rsquo;autres [&hellip;]\" \/>\n<meta property=\"og:url\" content=\"https:\/\/www.externacorporativo.com\/fr\/declaration-daccessibilite\/\" \/>\n<meta property=\"og:site_name\" content=\"Externa\" \/>\n<meta property=\"article:modified_time\" content=\"2023-06-08T10:14:19+00:00\" \/>\n<meta name=\"twitter:card\" content=\"summary_large_image\" \/>\n<meta name=\"twitter:label1\" content=\"Dur\u00e9e de lecture estim\u00e9e\" \/>\n\t<meta name=\"twitter:data1\" content=\"2 minutes\" \/>\n<script type=\"application\/ld+json\" class=\"yoast-schema-graph\">{\"@context\":\"https:\/\/schema.org\",\"@graph\":[{\"@type\":\"WebPage\",\"@id\":\"https:\/\/www.externacorporativo.com\/fr\/declaration-daccessibilite\/\",\"url\":\"https:\/\/www.externacorporativo.com\/fr\/declaration-daccessibilite\/\",\"name\":\"D\u00e9claration d'accessibilit\u00e9 - Externa\",\"isPartOf\":{\"@id\":\"https:\/\/www.externacorporativo.com\/fr\/#website\"},\"datePublished\":\"2023-06-07T14:20:46+00:00\",\"dateModified\":\"2023-06-08T10:14:19+00:00\",\"breadcrumb\":{\"@id\":\"https:\/\/www.externacorporativo.com\/fr\/declaration-daccessibilite\/#breadcrumb\"},\"inLanguage\":\"fr-FR\",\"potentialAction\":[{\"@type\":\"ReadAction\",\"target\":[\"https:\/\/www.externacorporativo.com\/fr\/declaration-daccessibilite\/\"]}]},{\"@type\":\"BreadcrumbList\",\"@id\":\"https:\/\/www.externacorporativo.com\/fr\/declaration-daccessibilite\/#breadcrumb\",\"itemListElement\":[{\"@type\":\"ListItem\",\"position\":1,\"name\":\"Portada\",\"item\":\"https:\/\/www.externacorporativo.com\/fr\/\"},{\"@type\":\"ListItem\",\"position\":2,\"name\":\"D\u00e9claration d&rsquo;accessibilit\u00e9\"}]},{\"@type\":\"WebSite\",\"@id\":\"https:\/\/www.externacorporativo.com\/fr\/#website\",\"url\":\"https:\/\/www.externacorporativo.com\/fr\/\",\"name\":\"Externa\",\"description\":\"\",\"publisher\":{\"@id\":\"https:\/\/www.externacorporativo.com\/fr\/#organization\"},\"potentialAction\":[{\"@type\":\"SearchAction\",\"target\":{\"@type\":\"EntryPoint\",\"urlTemplate\":\"https:\/\/www.externacorporativo.com\/fr\/?s={search_term_string}\"},\"query-input\":\"required name=search_term_string\"}],\"inLanguage\":\"fr-FR\"},{\"@type\":\"Organization\",\"@id\":\"https:\/\/www.externacorporativo.com\/fr\/#organization\",\"name\":\"Externa\",\"url\":\"https:\/\/www.externacorporativo.com\/fr\/\",\"logo\":{\"@type\":\"ImageObject\",\"inLanguage\":\"fr-FR\",\"@id\":\"https:\/\/www.externacorporativo.com\/fr\/#\/schema\/logo\/image\/\",\"url\":\"https:\/\/www.externacorporativo.com\/wp-content\/uploads\/2023\/04\/Sin-nombre.png\",\"contentUrl\":\"https:\/\/www.externacorporativo.com\/wp-content\/uploads\/2023\/04\/Sin-nombre.png\",\"width\":297,\"height\":109,\"caption\":\"Externa\"},\"image\":{\"@id\":\"https:\/\/www.externacorporativo.com\/fr\/#\/schema\/logo\/image\/\"}}]}<\/script>\n<!-- \/ Yoast SEO plugin. -->","yoast_head_json":{"title":"D\u00e9claration d'accessibilit\u00e9 - Externa","robots":{"index":"index","follow":"follow","max-snippet":"max-snippet:-1","max-image-preview":"max-image-preview:large","max-video-preview":"max-video-preview:-1"},"canonical":"https:\/\/www.externacorporativo.com\/fr\/declaration-daccessibilite\/","og_locale":"fr_FR","og_type":"article","og_title":"D\u00e9claration d'accessibilit\u00e9 - Externa","og_description":"La soci\u00e9t\u00e9 EXTERNA CORPORATIVO S.L s&rsquo;engage \u00e0 rendre accessible votre site Web conform\u00e9ment au d\u00e9cret royal 1112\/2018, du 7 septembre, sur l&rsquo;accessibilit\u00e9 des sites Web et des applications pour les appareils mobiles du secteur public, ou des d\u00e9veloppements financ\u00e9s par l&rsquo;Europe. Cette d\u00e9claration d&rsquo;accessibilit\u00e9 s&rsquo;applique au site Web https:\/\/www.externacorporativo.es, \u00e0 l&rsquo;exclusion du contenu int\u00e9gr\u00e9 d&rsquo;autres [&hellip;]","og_url":"https:\/\/www.externacorporativo.com\/fr\/declaration-daccessibilite\/","og_site_name":"Externa","article_modified_time":"2023-06-08T10:14:19+00:00","twitter_card":"summary_large_image","twitter_misc":{"Dur\u00e9e de lecture estim\u00e9e":"2 minutes"},"schema":{"@context":"https:\/\/schema.org","@graph":[{"@type":"WebPage","@id":"https:\/\/www.externacorporativo.com\/fr\/declaration-daccessibilite\/","url":"https:\/\/www.externacorporativo.com\/fr\/declaration-daccessibilite\/","name":"D\u00e9claration d'accessibilit\u00e9 - Externa","isPartOf":{"@id":"https:\/\/www.externacorporativo.com\/fr\/#website"},"datePublished":"2023-06-07T14:20:46+00:00","dateModified":"2023-06-08T10:14:19+00:00","breadcrumb":{"@id":"https:\/\/www.externacorporativo.com\/fr\/declaration-daccessibilite\/#breadcrumb"},"inLanguage":"fr-FR","potentialAction":[{"@type":"ReadAction","target":["https:\/\/www.externacorporativo.com\/fr\/declaration-daccessibilite\/"]}]},{"@type":"BreadcrumbList","@id":"https:\/\/www.externacorporativo.com\/fr\/declaration-daccessibilite\/#breadcrumb","itemListElement":[{"@type":"ListItem","position":1,"name":"Portada","item":"https:\/\/www.externacorporativo.com\/fr\/"},{"@type":"ListItem","position":2,"name":"D\u00e9claration d&rsquo;accessibilit\u00e9"}]},{"@type":"WebSite","@id":"https:\/\/www.externacorporativo.com\/fr\/#website","url":"https:\/\/www.externacorporativo.com\/fr\/","name":"Externa","description":"","publisher":{"@id":"https:\/\/www.externacorporativo.com\/fr\/#organization"},"potentialAction":[{"@type":"SearchAction","target":{"@type":"EntryPoint","urlTemplate":"https:\/\/www.externacorporativo.com\/fr\/?s={search_term_string}"},"query-input":"required name=search_term_string"}],"inLanguage":"fr-FR"},{"@type":"Organization","@id":"https:\/\/www.externacorporativo.com\/fr\/#organization","name":"Externa","url":"https:\/\/www.externacorporativo.com\/fr\/","logo":{"@type":"ImageObject","inLanguage":"fr-FR","@id":"https:\/\/www.externacorporativo.com\/fr\/#\/schema\/logo\/image\/","url":"https:\/\/www.externacorporativo.com\/wp-content\/uploads\/2023\/04\/Sin-nombre.png","contentUrl":"https:\/\/www.externacorporativo.com\/wp-content\/uploads\/2023\/04\/Sin-nombre.png","width":297,"height":109,"caption":"Externa"},"image":{"@id":"https:\/\/www.externacorporativo.com\/fr\/#\/schema\/logo\/image\/"}}]}},"_links":{"self":[{"href":"https:\/\/www.externacorporativo.com\/fr\/wp-json\/wp\/v2\/pages\/3100"}],"collection":[{"href":"https:\/\/www.externacorporativo.com\/fr\/wp-json\/wp\/v2\/pages"}],"about":[{"href":"https:\/\/www.externacorporativo.com\/fr\/wp-json\/wp\/v2\/types\/page"}],"author":[{"embeddable":true,"href":"https:\/\/www.externacorporativo.com\/fr\/wp-json\/wp\/v2\/users\/2"}],"replies":[{"embeddable":true,"href":"https:\/\/www.externacorporativo.com\/fr\/wp-json\/wp\/v2\/comments?post=3100"}],"version-history":[{"count":1,"href":"https:\/\/www.externacorporativo.com\/fr\/wp-json\/wp\/v2\/pages\/3100\/revisions"}],"predecessor-version":[{"id":3101,"href":"https:\/\/www.externacorporativo.com\/fr\/wp-json\/wp\/v2\/pages\/3100\/revisions\/3101"}],"wp:attachment":[{"href":"https:\/\/www.externacorporativo.com\/fr\/wp-json\/wp\/v2\/media?parent=3100"}],"curies":[{"name":"wp","href":"https:\/\/api.w.org\/{rel}","templated":true}]}}