{"id":3102,"date":"2023-04-26T08:33:30","date_gmt":"2023-04-26T08:33:30","guid":{"rendered":"https:\/\/www.externacorporativo.com\/fondations\/"},"modified":"2024-02-29T09:06:33","modified_gmt":"2024-02-29T09:06:33","slug":"fondations","status":"publish","type":"page","link":"https:\/\/www.externacorporativo.com\/fr\/fondations\/","title":{"rendered":"fondations"},"content":{"rendered":"\t\t<div data-elementor-type=\"wp-page\" data-elementor-id=\"3102\" class=\"elementor elementor-3102 elementor-22\">\n\t\t\t\t\t\t\t\t\t<section class=\"elementor-section elementor-top-section elementor-element elementor-element-04b7a73 elementor-section-content-middle elementor-section-boxed elementor-section-height-default elementor-section-height-default\" data-id=\"04b7a73\" data-element_type=\"section\" data-settings=\"{&quot;background_background&quot;:&quot;classic&quot;}\">\n\t\t\t\t\t\t<div class=\"elementor-container elementor-column-gap-no\">\n\t\t\t\t\t<div class=\"elementor-column elementor-col-100 elementor-top-column elementor-element elementor-element-585ad78\" data-id=\"585ad78\" data-element_type=\"column\">\n\t\t\t<div class=\"elementor-widget-wrap elementor-element-populated\">\n\t\t\t\t\t\t\t\t<div class=\"elementor-element elementor-element-14d58b4 elementor-widget elementor-widget-heading\" data-id=\"14d58b4\" data-element_type=\"widget\" data-widget_type=\"heading.default\">\n\t\t\t\t<div class=\"elementor-widget-container\">\n\t\t\t<style>\/*! elementor - v3.12.2 - 23-04-2023 *\/\n.elementor-heading-title{padding:0;margin:0;line-height:1}.elementor-widget-heading .elementor-heading-title[class*=elementor-size-]>a{color:inherit;font-size:inherit;line-height:inherit}.elementor-widget-heading .elementor-heading-title.elementor-size-small{font-size:15px}.elementor-widget-heading .elementor-heading-title.elementor-size-medium{font-size:19px}.elementor-widget-heading .elementor-heading-title.elementor-size-large{font-size:29px}.elementor-widget-heading .elementor-heading-title.elementor-size-xl{font-size:39px}.elementor-widget-heading .elementor-heading-title.elementor-size-xxl{font-size:59px}<\/style><h1 class=\"elementor-heading-title elementor-size-default\">Fondations - Organismes \u00e0 but non lucratif<\/h1>\t\t<\/div>\n\t\t\t\t<\/div>\n\t\t\t\t<div class=\"elementor-element elementor-element-7046327 elementor-widget elementor-widget-heading\" data-id=\"7046327\" data-element_type=\"widget\" data-widget_type=\"heading.default\">\n\t\t\t\t<div class=\"elementor-widget-container\">\n\t\t\t<span class=\"elementor-heading-title elementor-size-default\">Nous collaborons avec des Associations, des Fondations, des Organisations \u00e0 but non lucratif dans la conception et la mise en \u0153uvre de projets \u00e0 l'\u00e9chelle nationale et internationale<\/span>\t\t<\/div>\n\t\t\t\t<\/div>\n\t\t\t\t\t<\/div>\n\t\t<\/div>\n\t\t\t\t\t\t\t<\/div>\n\t\t<\/section>\n\t\t\t\t<section class=\"elementor-section elementor-top-section elementor-element elementor-element-23890762 elementor-section-content-middle elementor-section-boxed elementor-section-height-default elementor-section-height-default\" data-id=\"23890762\" data-element_type=\"section\" data-settings=\"{&quot;background_background&quot;:&quot;classic&quot;}\">\n\t\t\t\t\t\t\t<div class=\"elementor-background-overlay\"><\/div>\n\t\t\t\t\t\t\t<div class=\"elementor-container elementor-column-gap-no\">\n\t\t\t\t\t<div class=\"elementor-column elementor-col-100 elementor-top-column elementor-element elementor-element-f2faad9\" data-id=\"f2faad9\" data-element_type=\"column\">\n\t\t\t<div class=\"elementor-widget-wrap elementor-element-populated\">\n\t\t\t\t\t\t\t\t<div class=\"elementor-element elementor-element-596701d elementor-widget elementor-widget-heading\" data-id=\"596701d\" data-element_type=\"widget\" data-widget_type=\"heading.default\">\n\t\t\t\t<div class=\"elementor-widget-container\">\n\t\t\t<span class=\"elementor-heading-title elementor-size-default\">Les entit\u00e9s \u00e0 but non lucratif exercent diff\u00e9rentes activit\u00e9s dans les secteurs public et priv\u00e9 qui n\u00e9cessitent leurs propres sp\u00e9cialit\u00e9s.<\/span>\t\t<\/div>\n\t\t\t\t<\/div>\n\t\t\t\t<section class=\"elementor-section elementor-inner-section elementor-element elementor-element-7c5011a elementor-section-boxed elementor-section-height-default elementor-section-height-default\" data-id=\"7c5011a\" data-element_type=\"section\" data-settings=\"{&quot;animation&quot;:&quot;none&quot;}\">\n\t\t\t\t\t\t<div class=\"elementor-container elementor-column-gap-wider\">\n\t\t\t\t\t<div class=\"elementor-column elementor-col-50 elementor-inner-column elementor-element elementor-element-9ef3bb7 animated-slow elementor-invisible\" data-id=\"9ef3bb7\" data-element_type=\"column\" data-settings=\"{&quot;background_background&quot;:&quot;classic&quot;,&quot;animation&quot;:&quot;slideInLeft&quot;}\">\n\t\t\t<div class=\"elementor-widget-wrap elementor-element-populated\">\n\t\t\t\t\t\t\t\t<div class=\"elementor-element elementor-element-b5ca4f6 elementor-widget elementor-widget-heading\" data-id=\"b5ca4f6\" data-element_type=\"widget\" data-widget_type=\"heading.default\">\n\t\t\t\t<div class=\"elementor-widget-container\">\n\t\t\t<h2 class=\"elementor-heading-title elementor-size-default\">Service int\u00e9gral<\/h2>\t\t<\/div>\n\t\t\t\t<\/div>\n\t\t\t\t<div class=\"elementor-element elementor-element-57199de elementor-widget elementor-widget-text-editor\" data-id=\"57199de\" data-element_type=\"widget\" data-widget_type=\"text-editor.default\">\n\t\t\t\t<div class=\"elementor-widget-container\">\n\t\t\t<style>\/*! elementor - v3.12.2 - 23-04-2023 *\/\n.elementor-widget-text-editor.elementor-drop-cap-view-stacked .elementor-drop-cap{background-color:#69727d;color:#fff}.elementor-widget-text-editor.elementor-drop-cap-view-framed .elementor-drop-cap{color:#69727d;border:3px solid;background-color:transparent}.elementor-widget-text-editor:not(.elementor-drop-cap-view-default) .elementor-drop-cap{margin-top:8px}.elementor-widget-text-editor:not(.elementor-drop-cap-view-default) .elementor-drop-cap-letter{width:1em;height:1em}.elementor-widget-text-editor .elementor-drop-cap{float:left;text-align:center;line-height:1;font-size:50px}.elementor-widget-text-editor .elementor-drop-cap-letter{display:inline-block}<\/style>\t\t\t\t<p><span style=\"font-family: Times New Roman, serif;\"><span style=\"font-size: small;\"><span style=\"font-family: Lato, serif;\"><span lang=\"fr-FR\">Nous proposons une attention sp\u00e9cifique et sp\u00e9cialis\u00e9e pour garantir qu&rsquo;elles op\u00e8rent dans le cadre l\u00e9gal \u00e9tabli et respectent toutes les r\u00e9glementations applicables, permettant \u00e0 ces entit\u00e9s de consacrer tous leurs efforts \u00e0 leur activit\u00e9 principale.<\/span><\/span><\/span><\/span><\/p>\n\t\t\t\t\t\t<\/div>\n\t\t\t\t<\/div>\n\t\t\t\t\t<\/div>\n\t\t<\/div>\n\t\t\t\t<div class=\"elementor-column elementor-col-50 elementor-inner-column elementor-element elementor-element-e24cd54 animated-slow elementor-invisible\" data-id=\"e24cd54\" data-element_type=\"column\" data-settings=\"{&quot;background_background&quot;:&quot;classic&quot;,&quot;animation&quot;:&quot;slideInRight&quot;}\">\n\t\t\t<div class=\"elementor-widget-wrap elementor-element-populated\">\n\t\t\t\t\t\t\t\t<div class=\"elementor-element elementor-element-73b2bc8 elementor-widget elementor-widget-heading\" data-id=\"73b2bc8\" data-element_type=\"widget\" data-widget_type=\"heading.default\">\n\t\t\t\t<div class=\"elementor-widget-container\">\n\t\t\t<h2 class=\"elementor-heading-title elementor-size-default\">Principaux services<\/h2>\t\t<\/div>\n\t\t\t\t<\/div>\n\t\t\t\t<div class=\"elementor-element elementor-element-fcef6cd elementor-widget elementor-widget-text-editor\" data-id=\"fcef6cd\" data-element_type=\"widget\" data-widget_type=\"text-editor.default\">\n\t\t\t\t<div class=\"elementor-widget-container\">\n\t\t\t\t\t\t\t<ul>\n<li><span style=\"font-family: Times New Roman, serif;\"><span style=\"font-size: small;\"><span style=\"font-family: Lato, serif;\"><span lang=\"fr-FR\">Constitution, \u00e9laboration des statuts et des r\u00e8glements internes.<\/span><\/span><\/span><\/span><\/li>\n<li><span style=\"font-family: Times New Roman, serif;\"><span style=\"font-size: small;\"><span style=\"font-family: Lato, serif;\"><span lang=\"fr-FR\">Inscriptions aupr\u00e8s des registres appropri\u00e9s en fonction de leur domaine d&rsquo;intervention.<\/span><\/span><\/span><\/span><\/li>\n<li><span style=\"font-family: Times New Roman, serif;\"><span style=\"font-size: small;\"><span style=\"font-family: Lato, serif;\"><span lang=\"fr-FR\">Soutien et coordination dans l&rsquo;\u00e9laboration du plan d&rsquo;action et du budget.<\/span><\/span><\/span><\/span><\/li>\n<li><span style=\"font-family: Times New Roman, serif;\"><span style=\"font-size: small;\"><span style=\"font-family: Lato, serif;\"><span lang=\"fr-FR\">Gouvernance et conformit\u00e9.<\/span><\/span><\/span><\/span><\/li>\n<li><span style=\"font-family: Times New Roman, serif;\"><span style=\"font-size: small;\"><span style=\"font-family: Lato, serif;\"><span lang=\"fr-FR\">Services externalis\u00e9s de secr\u00e9tariat pour les fondations et les associations. R\u00e9daction de proc\u00e8s-verbaux, certificats, rapports ; conservation et gestion documentaire.<\/span><\/span><\/span><\/span><\/li>\n<li><span style=\"font-family: Times New Roman, serif;\"><span style=\"font-size: small;\"><span style=\"font-family: Lato, serif;\"><span lang=\"fr-FR\">Contrats et accords de coop\u00e9ration.<\/span><\/span><\/span><\/span><\/li>\n<li><span style=\"font-family: Times New Roman, serif;\"><span style=\"font-size: small;\"><span style=\"font-family: Lato, serif;\"><span lang=\"fr-FR\">Activit\u00e9s internationales.<\/span><\/span><\/span><\/span><\/li>\n<li><span style=\"font-family: Times New Roman, serif;\"><span style=\"font-size: small;\"><span style=\"font-family: Lato, serif;\"><span lang=\"fr-FR\">Politique de confidentialit\u00e9, s\u00e9curit\u00e9 des donn\u00e9es personnelles et consentement \u00e9clair\u00e9.<\/span><\/span><\/span><\/span><\/li>\n<li><span style=\"font-family: Times New Roman, serif;\"><span style=\"font-size: small;\"><span style=\"font-family: Lato, serif;\">Parrainages.<\/span><\/span><\/span><\/li>\n<\/ul>\n\t\t\t\t\t\t<\/div>\n\t\t\t\t<\/div>\n\t\t\t\t\t<\/div>\n\t\t<\/div>\n\t\t\t\t\t\t\t<\/div>\n\t\t<\/section>\n\t\t\t\t\t<\/div>\n\t\t<\/div>\n\t\t\t\t\t\t\t<\/div>\n\t\t<\/section>\n\t\t\t\t<section class=\"elementor-section elementor-top-section elementor-element elementor-element-f9723bd elementor-section-content-middle elementor-section-boxed elementor-section-height-default elementor-section-height-default\" data-id=\"f9723bd\" data-element_type=\"section\" data-settings=\"{&quot;background_background&quot;:&quot;gradient&quot;}\">\n\t\t\t\t\t\t<div class=\"elementor-container elementor-column-gap-no\">\n\t\t\t\t\t<div class=\"elementor-column elementor-col-100 elementor-top-column elementor-element elementor-element-de56170\" data-id=\"de56170\" data-element_type=\"column\">\n\t\t\t<div class=\"elementor-widget-wrap elementor-element-populated\">\n\t\t\t\t\t\t\t\t<div class=\"elementor-element elementor-element-2bec5e1 elementor-widget elementor-widget-heading\" data-id=\"2bec5e1\" data-element_type=\"widget\" data-widget_type=\"heading.default\">\n\t\t\t\t<div class=\"elementor-widget-container\">\n\t\t\t<h3 class=\"elementor-heading-title elementor-size-default\">Nous accompagnons nos Clients dans tous les processus,<\/h3>\t\t<\/div>\n\t\t\t\t<\/div>\n\t\t\t\t<div class=\"elementor-element elementor-element-a3eb16a elementor-widget elementor-widget-text-editor\" data-id=\"a3eb16a\" data-element_type=\"widget\" data-widget_type=\"text-editor.default\">\n\t\t\t\t<div class=\"elementor-widget-container\">\n\t\t\t\t\t\t\t<p>vers la meilleure option !<\/p>\t\t\t\t\t\t<\/div>\n\t\t\t\t<\/div>\n\t\t\t\t<div class=\"elementor-element elementor-element-66218dd elementor-align-center elementor-widget elementor-widget-button\" data-id=\"66218dd\" data-element_type=\"widget\" data-widget_type=\"button.default\">\n\t\t\t\t<div class=\"elementor-widget-container\">\n\t\t\t\t\t<div class=\"elementor-button-wrapper\">\n\t\t\t<a href=\"https:\/\/www.externacorporativo.com\/fr\/contact\/\" class=\"elementor-button-link elementor-button elementor-size-sm elementor-animation-shrink\" role=\"button\">\n\t\t\t\t\t\t<span class=\"elementor-button-content-wrapper\">\n\t\t\t\t\t\t<span class=\"elementor-button-text\">Envoyez-nous votre requ\u00eate<\/span>\n\t\t<\/span>\n\t\t\t\t\t<\/a>\n\t\t<\/div>\n\t\t\t\t<\/div>\n\t\t\t\t<\/div>\n\t\t\t\t\t<\/div>\n\t\t<\/div>\n\t\t\t\t\t\t\t<\/div>\n\t\t<\/section>\n\t\t\t\t\t\t\t<\/div>\n\t\t","protected":false},"excerpt":{"rendered":"<p>Fondations &#8211; Organismes \u00e0 but non lucratif Nous collaborons avec des Associations, des Fondations, des Organisations \u00e0 but non lucratif dans la conception et la mise en \u0153uvre de projets \u00e0 l&rsquo;\u00e9chelle nationale et internationale Les entit\u00e9s \u00e0 but non lucratif exercent diff\u00e9rentes activit\u00e9s dans les secteurs public et priv\u00e9 qui n\u00e9cessitent leurs propres sp\u00e9cialit\u00e9s. [&hellip;]<\/p>\n","protected":false},"author":1,"featured_media":0,"parent":0,"menu_order":0,"comment_status":"closed","ping_status":"closed","template":"elementor_header_footer","meta":[],"yoast_head":"<!-- This site is optimized with the Yoast SEO plugin v20.0 - https:\/\/yoast.com\/wordpress\/plugins\/seo\/ -->\n<title>fondations - Externa<\/title>\n<meta name=\"robots\" content=\"index, follow, max-snippet:-1, max-image-preview:large, max-video-preview:-1\" \/>\n<link rel=\"canonical\" href=\"https:\/\/www.externacorporativo.com\/fr\/fondations\/\" \/>\n<meta property=\"og:locale\" content=\"fr_FR\" \/>\n<meta property=\"og:type\" content=\"article\" \/>\n<meta property=\"og:title\" content=\"fondations - Externa\" \/>\n<meta property=\"og:description\" content=\"Fondations &#8211; Organismes \u00e0 but non lucratif Nous collaborons avec des Associations, des Fondations, des Organisations \u00e0 but non lucratif dans la conception et la mise en \u0153uvre de projets \u00e0 l&rsquo;\u00e9chelle nationale et internationale Les entit\u00e9s \u00e0 but non lucratif exercent diff\u00e9rentes activit\u00e9s dans les secteurs public et priv\u00e9 qui n\u00e9cessitent leurs propres sp\u00e9cialit\u00e9s. [&hellip;]\" \/>\n<meta property=\"og:url\" content=\"https:\/\/www.externacorporativo.com\/fr\/fondations\/\" \/>\n<meta property=\"og:site_name\" content=\"Externa\" \/>\n<meta property=\"article:modified_time\" content=\"2024-02-29T09:06:33+00:00\" \/>\n<meta name=\"twitter:card\" content=\"summary_large_image\" \/>\n<meta name=\"twitter:label1\" content=\"Dur\u00e9e de lecture estim\u00e9e\" \/>\n\t<meta name=\"twitter:data1\" content=\"1 minute\" \/>\n<script type=\"application\/ld+json\" class=\"yoast-schema-graph\">{\"@context\":\"https:\/\/schema.org\",\"@graph\":[{\"@type\":\"WebPage\",\"@id\":\"https:\/\/www.externacorporativo.com\/fr\/fondations\/\",\"url\":\"https:\/\/www.externacorporativo.com\/fr\/fondations\/\",\"name\":\"fondations - Externa\",\"isPartOf\":{\"@id\":\"https:\/\/www.externacorporativo.com\/fr\/#website\"},\"datePublished\":\"2023-04-26T08:33:30+00:00\",\"dateModified\":\"2024-02-29T09:06:33+00:00\",\"breadcrumb\":{\"@id\":\"https:\/\/www.externacorporativo.com\/fr\/fondations\/#breadcrumb\"},\"inLanguage\":\"fr-FR\",\"potentialAction\":[{\"@type\":\"ReadAction\",\"target\":[\"https:\/\/www.externacorporativo.com\/fr\/fondations\/\"]}]},{\"@type\":\"BreadcrumbList\",\"@id\":\"https:\/\/www.externacorporativo.com\/fr\/fondations\/#breadcrumb\",\"itemListElement\":[{\"@type\":\"ListItem\",\"position\":1,\"name\":\"Portada\",\"item\":\"https:\/\/www.externacorporativo.com\/fr\/\"},{\"@type\":\"ListItem\",\"position\":2,\"name\":\"fondations\"}]},{\"@type\":\"WebSite\",\"@id\":\"https:\/\/www.externacorporativo.com\/fr\/#website\",\"url\":\"https:\/\/www.externacorporativo.com\/fr\/\",\"name\":\"Externa\",\"description\":\"\",\"publisher\":{\"@id\":\"https:\/\/www.externacorporativo.com\/fr\/#organization\"},\"potentialAction\":[{\"@type\":\"SearchAction\",\"target\":{\"@type\":\"EntryPoint\",\"urlTemplate\":\"https:\/\/www.externacorporativo.com\/fr\/?s={search_term_string}\"},\"query-input\":\"required name=search_term_string\"}],\"inLanguage\":\"fr-FR\"},{\"@type\":\"Organization\",\"@id\":\"https:\/\/www.externacorporativo.com\/fr\/#organization\",\"name\":\"Externa\",\"url\":\"https:\/\/www.externacorporativo.com\/fr\/\",\"logo\":{\"@type\":\"ImageObject\",\"inLanguage\":\"fr-FR\",\"@id\":\"https:\/\/www.externacorporativo.com\/fr\/#\/schema\/logo\/image\/\",\"url\":\"https:\/\/www.externacorporativo.com\/wp-content\/uploads\/2023\/04\/Sin-nombre.png\",\"contentUrl\":\"https:\/\/www.externacorporativo.com\/wp-content\/uploads\/2023\/04\/Sin-nombre.png\",\"width\":297,\"height\":109,\"caption\":\"Externa\"},\"image\":{\"@id\":\"https:\/\/www.externacorporativo.com\/fr\/#\/schema\/logo\/image\/\"}}]}<\/script>\n<!-- \/ Yoast SEO plugin. -->","yoast_head_json":{"title":"fondations - Externa","robots":{"index":"index","follow":"follow","max-snippet":"max-snippet:-1","max-image-preview":"max-image-preview:large","max-video-preview":"max-video-preview:-1"},"canonical":"https:\/\/www.externacorporativo.com\/fr\/fondations\/","og_locale":"fr_FR","og_type":"article","og_title":"fondations - Externa","og_description":"Fondations &#8211; Organismes \u00e0 but non lucratif Nous collaborons avec des Associations, des Fondations, des Organisations \u00e0 but non lucratif dans la conception et la mise en \u0153uvre de projets \u00e0 l&rsquo;\u00e9chelle nationale et internationale Les entit\u00e9s \u00e0 but non lucratif exercent diff\u00e9rentes activit\u00e9s dans les secteurs public et priv\u00e9 qui n\u00e9cessitent leurs propres sp\u00e9cialit\u00e9s. [&hellip;]","og_url":"https:\/\/www.externacorporativo.com\/fr\/fondations\/","og_site_name":"Externa","article_modified_time":"2024-02-29T09:06:33+00:00","twitter_card":"summary_large_image","twitter_misc":{"Dur\u00e9e de lecture estim\u00e9e":"1 minute"},"schema":{"@context":"https:\/\/schema.org","@graph":[{"@type":"WebPage","@id":"https:\/\/www.externacorporativo.com\/fr\/fondations\/","url":"https:\/\/www.externacorporativo.com\/fr\/fondations\/","name":"fondations - Externa","isPartOf":{"@id":"https:\/\/www.externacorporativo.com\/fr\/#website"},"datePublished":"2023-04-26T08:33:30+00:00","dateModified":"2024-02-29T09:06:33+00:00","breadcrumb":{"@id":"https:\/\/www.externacorporativo.com\/fr\/fondations\/#breadcrumb"},"inLanguage":"fr-FR","potentialAction":[{"@type":"ReadAction","target":["https:\/\/www.externacorporativo.com\/fr\/fondations\/"]}]},{"@type":"BreadcrumbList","@id":"https:\/\/www.externacorporativo.com\/fr\/fondations\/#breadcrumb","itemListElement":[{"@type":"ListItem","position":1,"name":"Portada","item":"https:\/\/www.externacorporativo.com\/fr\/"},{"@type":"ListItem","position":2,"name":"fondations"}]},{"@type":"WebSite","@id":"https:\/\/www.externacorporativo.com\/fr\/#website","url":"https:\/\/www.externacorporativo.com\/fr\/","name":"Externa","description":"","publisher":{"@id":"https:\/\/www.externacorporativo.com\/fr\/#organization"},"potentialAction":[{"@type":"SearchAction","target":{"@type":"EntryPoint","urlTemplate":"https:\/\/www.externacorporativo.com\/fr\/?s={search_term_string}"},"query-input":"required name=search_term_string"}],"inLanguage":"fr-FR"},{"@type":"Organization","@id":"https:\/\/www.externacorporativo.com\/fr\/#organization","name":"Externa","url":"https:\/\/www.externacorporativo.com\/fr\/","logo":{"@type":"ImageObject","inLanguage":"fr-FR","@id":"https:\/\/www.externacorporativo.com\/fr\/#\/schema\/logo\/image\/","url":"https:\/\/www.externacorporativo.com\/wp-content\/uploads\/2023\/04\/Sin-nombre.png","contentUrl":"https:\/\/www.externacorporativo.com\/wp-content\/uploads\/2023\/04\/Sin-nombre.png","width":297,"height":109,"caption":"Externa"},"image":{"@id":"https:\/\/www.externacorporativo.com\/fr\/#\/schema\/logo\/image\/"}}]}},"_links":{"self":[{"href":"https:\/\/www.externacorporativo.com\/fr\/wp-json\/wp\/v2\/pages\/3102"}],"collection":[{"href":"https:\/\/www.externacorporativo.com\/fr\/wp-json\/wp\/v2\/pages"}],"about":[{"href":"https:\/\/www.externacorporativo.com\/fr\/wp-json\/wp\/v2\/types\/page"}],"author":[{"embeddable":true,"href":"https:\/\/www.externacorporativo.com\/fr\/wp-json\/wp\/v2\/users\/1"}],"replies":[{"embeddable":true,"href":"https:\/\/www.externacorporativo.com\/fr\/wp-json\/wp\/v2\/comments?post=3102"}],"version-history":[{"count":19,"href":"https:\/\/www.externacorporativo.com\/fr\/wp-json\/wp\/v2\/pages\/3102\/revisions"}],"predecessor-version":[{"id":3960,"href":"https:\/\/www.externacorporativo.com\/fr\/wp-json\/wp\/v2\/pages\/3102\/revisions\/3960"}],"wp:attachment":[{"href":"https:\/\/www.externacorporativo.com\/fr\/wp-json\/wp\/v2\/media?parent=3102"}],"curies":[{"name":"wp","href":"https:\/\/api.w.org\/{rel}","templated":true}]}}